{"id":2359,"date":"2024-08-09T16:04:47","date_gmt":"2024-08-09T19:04:47","guid":{"rendered":"https:\/\/artereciclada.com.br\/?page_id=2359"},"modified":"2024-08-09T16:04:48","modified_gmt":"2024-08-09T19:04:48","slug":"termos-de-uso","status":"publish","type":"page","link":"https:\/\/artereciclada.com.br\/de\/termos-de-uso\/","title":{"rendered":"Nutzungsbedingungen"},"content":{"rendered":"<p><strong>Letzte Aktualisierung: 9. August 2024<\/strong><\/p>\n\n\n\n<p>Diese Nutzungsbedingungen regeln den Zugang und die Nutzung der Website <strong>Arterecicada.com.br<\/strong> und die angebotenen Dienstleistungen.<\/p>\n\n\n\n<h3 class=\"wp-block-heading\">Benutzerverpflichtung<\/h3>\n\n\n\n<p>Durch den Zugriff auf und die Nutzung unserer Website erkl\u00e4ren Sie sich mit Folgendem einverstanden:<\/p>\n\n\n\n<ul class=\"wp-block-list\">\n<li><strong>DER)<\/strong> Verf\u00fcgbare Inhalte und Informationen angemessen und im Einklang mit der geltenden Gesetzgebung, Treu und Glauben und der \u00f6ffentlichen Ordnung nutzen;<\/li>\n\n\n\n<li><strong>B)<\/strong> Unterlassen Sie die Teilnahme an illegalen Aktivit\u00e4ten, einschlie\u00dflich, aber nicht beschr\u00e4nkt auf, der Verbreitung von Inhalten oder Propaganda rassistischer, fremdenfeindlicher Natur, Gl\u00fccksspiel, illegaler Pornografie, Billigung von Terrorismus oder anderen Handlungen, die die Menschenrechte verletzen;<\/li>\n\n\n\n<li><strong>W)<\/strong> Verursachen Sie keine Sch\u00e4den an den physischen (Hardware) und logischen (Software) Systemen des <strong>Recycelte Kunst<\/strong>, seinen Lieferanten oder Dritten, um die Einf\u00fchrung und Verbreitung von Viren oder anderen Systemen zu vermeiden, die das Funktionieren der Website beeintr\u00e4chtigen k\u00f6nnten.<\/li>\n<\/ul>\n\n\n\n<h3 class=\"wp-block-heading\">Haftungsausschluss<\/h3>\n\n\n\n<p>Unsere Website kann Links zu Websites Dritter enthalten. Wir haben keine Kontrolle \u00fcber den Inhalt oder die Praktiken dieser Websites und sind nicht daf\u00fcr verantwortlich.<\/p>\n\n\n\n<h3 class=\"wp-block-heading\">\u00c4nderungen der Nutzungsbedingungen<\/h3>\n\n\n\n<p>Wir behalten uns das Recht vor, diese Nutzungsbedingungen jederzeit zu \u00e4ndern. Wir werden Sie \u00fcber alle \u00c4nderungen informieren und Ihre weitere Nutzung der Website nach solchen \u00c4nderungen gilt als Zustimmung zu den neuen Bedingungen.<\/p>\n\n\n\n<p>Wenn Sie Fragen zu diesen Nutzungsbedingungen haben, kontaktieren Sie uns bitte unter <a>contato@artereciclada.com.br<\/a>.<\/p>","protected":false},"excerpt":{"rendered":"<p>\u00daltima atualiza\u00e7\u00e3o: 9 de agosto de 2024 Estes Termos de Uso regulam o acesso e a utiliza\u00e7\u00e3o do site Artereciclada.com.br e dos servi\u00e7os oferecidos. Compromisso do Usu\u00e1rio Ao acessar e utilizar nosso site, voc\u00ea concorda em: Isen\u00e7\u00e3o de Responsabilidade Nosso site pode conter links para sites de terceiros. N\u00e3o temos controle sobre o conte\u00fado ou [&hellip;]<\/p>\n","protected":false},"author":185,"featured_media":2348,"parent":0,"menu_order":0,"comment_status":"closed","ping_status":"closed","template":"","meta":{"footnotes":""},"class_list":["post-2359","page","type-page","status-publish","has-post-thumbnail","hentry"],"blocksy_meta":[],"_links":{"self":[{"href":"https:\/\/artereciclada.com.br\/de\/wp-json\/wp\/v2\/pages\/2359","targetHints":{"allow":["GET"]}}],"collection":[{"href":"https:\/\/artereciclada.com.br\/de\/wp-json\/wp\/v2\/pages"}],"about":[{"href":"https:\/\/artereciclada.com.br\/de\/wp-json\/wp\/v2\/types\/page"}],"author":[{"embeddable":true,"href":"https:\/\/artereciclada.com.br\/de\/wp-json\/wp\/v2\/users\/185"}],"replies":[{"embeddable":true,"href":"https:\/\/artereciclada.com.br\/de\/wp-json\/wp\/v2\/comments?post=2359"}],"version-history":[{"count":1,"href":"https:\/\/artereciclada.com.br\/de\/wp-json\/wp\/v2\/pages\/2359\/revisions"}],"predecessor-version":[{"id":2360,"href":"https:\/\/artereciclada.com.br\/de\/wp-json\/wp\/v2\/pages\/2359\/revisions\/2360"}],"wp:featuredmedia":[{"embeddable":true,"href":"https:\/\/artereciclada.com.br\/de\/wp-json\/wp\/v2\/media\/2348"}],"wp:attachment":[{"href":"https:\/\/artereciclada.com.br\/de\/wp-json\/wp\/v2\/media?parent=2359"}],"curies":[{"name":"wp","href":"https:\/\/api.w.org\/{rel}","templated":true}]}}