{"id":343,"date":"2016-01-04T12:06:46","date_gmt":"2016-01-04T12:06:46","guid":{"rendered":"http:\/\/artereciclada.com.br\/wp\/?page_id=343"},"modified":"2016-01-04T19:59:04","modified_gmt":"2016-01-04T19:59:04","slug":"busca-artesanato-reciclado","status":"publish","type":"page","link":"https:\/\/artereciclada.com.br\/es\/busca-artesanato-reciclado\/","title":{"rendered":"Buscar"},"content":{"rendered":"<div class=\"cse-branding-bottom\" style=\"background-color: #ffffff; color: #000000;\">\n<div class=\"cse-branding-form\">\n<form id=\"cse-search-box\" action=\"http:\/\/www.google.com.br\" target=\"_blank\">\n<div><input name=\"cx\" type=\"hidden\" value=\"partner-pub-4434962001734545:4374124797\" \/><br \/>\n<input name=\"ie\" type=\"hidden\" value=\"UTF-8\" \/><br \/>\n<input name=\"q\" size=\"100\" type=\"text\" \/><br \/>\n<input name=\"sa\" type=\"submit\" value=\"Buscar\" \/><\/div>\n<\/form>\n<\/div>\n<div class=\"cse-branding-logo\"><img decoding=\"async\" src=\"http:\/\/www.google.com\/images\/poweredby_transparent\/poweredby_FFFFFF.gif\" alt=\"Google\" \/><\/div>\n<div class=\"cse-branding-text\">B\u00fasqueda personalizada<\/div>\n<\/div>\n<p>Utilice el buscador de Google arriba para encontrar anuncios de equipos y herramientas para artesanos, cursos de reciclaje artesanal, quienes compran o venden art\u00edculos artesanales reciclados, equipos para recolecci\u00f3n selectiva, as\u00ed como resultados sobre <a href=\"http:\/\/www.setorreciclagem.com.br\" target=\"_blank\" rel=\"noopener\"><strong>Sector Reciclaje<\/strong><\/a> y <a href=\"http:\/\/artereciclada.com.br\/es\/\" target=\"_blank\"><strong>Arte Reciclado<\/strong><\/a>.<br \/>\nPara encontrar todo sobre manualidades recicladas y arte reciclado, s\u00e9 muy espec\u00edfico en tu b\u00fasqueda para obtener un resultado m\u00e1s asertivo \ud83d\ude09<\/p>\n<p><a href=\"http:\/\/www.setorreciclagem.com.br\/category\/cursos-artesanais\/\" target=\"_blank\" rel=\"noopener\"><strong>Haz clic aqu\u00ed y mira cursos online sobre reciclaje y medio ambiente<\/strong><\/a><\/p>\n<p>&nbsp;<\/p>","protected":false},"excerpt":{"rendered":"<p>Custom Search Use o buscador do Google acima para encontrar an\u00fancios de equipamentos e ferramentas para artes\u00e3os, cursos de reciclagem artesanal, quem compra ou vende itens de artesanato reciclado, equipamentos para coleta seletiva, al\u00e9m de resultados no Setor Reciclagem e Arte Reciclada. Para encontrar tudo sobre artesanato reciclado e arte reciclada, seja bem espec\u00edfico na [&hellip;]<\/p>\n","protected":false},"author":2,"featured_media":0,"parent":0,"menu_order":0,"comment_status":"closed","ping_status":"closed","template":"","meta":{"footnotes":""},"class_list":["post-343","page","type-page","status-publish","hentry"],"blocksy_meta":[],"_links":{"self":[{"href":"https:\/\/artereciclada.com.br\/es\/wp-json\/wp\/v2\/pages\/343","targetHints":{"allow":["GET"]}}],"collection":[{"href":"https:\/\/artereciclada.com.br\/es\/wp-json\/wp\/v2\/pages"}],"about":[{"href":"https:\/\/artereciclada.com.br\/es\/wp-json\/wp\/v2\/types\/page"}],"author":[{"embeddable":true,"href":"https:\/\/artereciclada.com.br\/es\/wp-json\/wp\/v2\/users\/2"}],"replies":[{"embeddable":true,"href":"https:\/\/artereciclada.com.br\/es\/wp-json\/wp\/v2\/comments?post=343"}],"version-history":[{"count":7,"href":"https:\/\/artereciclada.com.br\/es\/wp-json\/wp\/v2\/pages\/343\/revisions"}],"predecessor-version":[{"id":357,"href":"https:\/\/artereciclada.com.br\/es\/wp-json\/wp\/v2\/pages\/343\/revisions\/357"}],"wp:attachment":[{"href":"https:\/\/artereciclada.com.br\/es\/wp-json\/wp\/v2\/media?parent=343"}],"curies":[{"name":"wp","href":"https:\/\/api.w.org\/{rel}","templated":true}]}}