{"id":1912,"date":"2024-08-09T16:06:15","date_gmt":"2024-08-09T19:06:15","guid":{"rendered":"http:\/\/artereciclada.com.br\/?page_id=1912"},"modified":"2024-08-09T16:06:16","modified_gmt":"2024-08-09T19:06:16","slug":"sobre-nos","status":"publish","type":"page","link":"https:\/\/artereciclada.com.br\/fr\/sobre-nos\/","title":{"rendered":"\u00c0 propos de nous"},"content":{"rendered":"<p><strong>Bienvenue dans l&#039;art recycl\u00e9 !<\/strong><\/p>\n<p>N\u0153ud <strong>Art recycl\u00e9<\/strong>, nous pensons que l&#039;art a le pouvoir de transformer le monde et que la durabilit\u00e9 est la voie vers un avenir plus vert. Notre blog est n\u00e9 de la passion de combiner cr\u00e9ativit\u00e9 et conscience environnementale, montrant qu&#039;il est possible de cr\u00e9er de la beaut\u00e9 \u00e0 partir de ce qui autrement serait jet\u00e9.<\/p>\n<h3>Notre mission<\/h3>\n<p>Notre mission est d&#039;inspirer et de permettre aux gens de voir le potentiel cach\u00e9 des mat\u00e9riaux recyclables, en les transformant en \u0153uvres d&#039;art et de d\u00e9coration uniques. Nous voulons promouvoir le recyclage comme pratique essentielle dans la vie quotidienne, contribuant \u00e0 r\u00e9duire les d\u00e9chets et \u00e0 pr\u00e9server l&#039;environnement.<\/p>\n<h3>Ce que nous faisons<\/h3>\n<p>N\u0153ud <strong>Art recycl\u00e9<\/strong>, nous partageons des tutoriels, des id\u00e9es cr\u00e9atives et des projets qui montrent comment r\u00e9utiliser et r\u00e9inventer les mat\u00e9riaux de mani\u00e8re artistique. Notre \u00e9quipe est compos\u00e9e de personnes passionn\u00e9es par l&#039;art et la durabilit\u00e9, qui sont toujours \u00e0 la recherche de nouvelles fa\u00e7ons de donner vie \u00e0 ce qui \u00e9tait auparavant mis au rebut.<\/p>\n<h3>Notre Vision<\/h3>\n<p>Nous pensons qu\u2019ensemble, nous pouvons cr\u00e9er un monde o\u00f9 l\u2019art et la durabilit\u00e9 vont de pair. Nous voulons \u00eatre une r\u00e9f\u00e9rence pour tous ceux qui cherchent \u00e0 faire la diff\u00e9rence gr\u00e2ce au recyclage cr\u00e9atif, en contribuant \u00e0 diffuser le message selon lequel de petites actions peuvent avoir de grands impacts.<\/p>\n<h3>Rejoignez-nous<\/h3>\n<p>Nous vous invitons \u00e0 explorer notre contenu, \u00e0 apprendre de nouvelles techniques et \u00e0 vous inspirer pour cr\u00e9er vos propres \u0153uvres d&#039;art recycl\u00e9es. Si vous pensez que les d\u00e9chets peuvent \u00eatre transform\u00e9s en tr\u00e9sor, vous \u00eates au bon endroit !<\/p>\n<p><strong>Faisons ensemble du monde un endroit plus durable et cr\u00e9atif.<\/strong><\/p>","protected":false},"excerpt":{"rendered":"","protected":false},"author":2,"featured_media":2351,"parent":0,"menu_order":0,"comment_status":"closed","ping_status":"closed","template":"","meta":{"footnotes":""},"class_list":["post-1912","page","type-page","status-publish","has-post-thumbnail","hentry"],"blocksy_meta":[],"_links":{"self":[{"href":"https:\/\/artereciclada.com.br\/fr\/wp-json\/wp\/v2\/pages\/1912","targetHints":{"allow":["GET"]}}],"collection":[{"href":"https:\/\/artereciclada.com.br\/fr\/wp-json\/wp\/v2\/pages"}],"about":[{"href":"https:\/\/artereciclada.com.br\/fr\/wp-json\/wp\/v2\/types\/page"}],"author":[{"embeddable":true,"href":"https:\/\/artereciclada.com.br\/fr\/wp-json\/wp\/v2\/users\/2"}],"replies":[{"embeddable":true,"href":"https:\/\/artereciclada.com.br\/fr\/wp-json\/wp\/v2\/comments?post=1912"}],"version-history":[{"count":5,"href":"https:\/\/artereciclada.com.br\/fr\/wp-json\/wp\/v2\/pages\/1912\/revisions"}],"predecessor-version":[{"id":2361,"href":"https:\/\/artereciclada.com.br\/fr\/wp-json\/wp\/v2\/pages\/1912\/revisions\/2361"}],"wp:featuredmedia":[{"embeddable":true,"href":"https:\/\/artereciclada.com.br\/fr\/wp-json\/wp\/v2\/media\/2351"}],"wp:attachment":[{"href":"https:\/\/artereciclada.com.br\/fr\/wp-json\/wp\/v2\/media?parent=1912"}],"curies":[{"name":"wp","href":"https:\/\/api.w.org\/{rel}","templated":true}]}}