{"id":2052,"date":"2023-12-16T09:44:51","date_gmt":"2023-12-16T12:44:51","guid":{"rendered":"http:\/\/artereciclada.com.br\/?page_id=2052"},"modified":"2024-08-09T15:47:10","modified_gmt":"2024-08-09T18:47:10","slug":"politica-de-privacidade-e-termos-de-uso","status":"publish","type":"page","link":"https:\/\/artereciclada.com.br\/fr\/politica-de-privacidade-e-termos-de-uso\/","title":{"rendered":"politique de confidentialit\u00e9"},"content":{"rendered":"<h2><span style=\"color: #444444;\">politique de confidentialit\u00e9<\/span><\/h2>\n<p><span style=\"color: #444444;\">Votre vie priv\u00e9e est importante pour nous. La politique d&#039;Arte Reciclado est de respecter votre vie priv\u00e9e en ce qui concerne toute information que nous pouvons collecter sur le site Web. <a href=\"http:\/\/artereciclada.com.br\/fr\/\">Art recycl\u00e9<\/a>, et d&#039;autres sites que nous poss\u00e9dons et exploitons.<\/span><\/p>\n<p><span style=\"color: #444444;\">Nous ne demandons des informations personnelles que lorsque nous en avons r\u00e9ellement besoin pour vous fournir un service. Nous le faisons par des moyens justes et l\u00e9gaux, avec votre connaissance et votre consentement. Nous vous expliquons \u00e9galement pourquoi nous les collectons et comment ils seront utilis\u00e9s.<\/span><\/p>\n<p><span style=\"color: #444444;\">Nous ne conservons les informations collect\u00e9es que le temps n\u00e9cessaire pour fournir le service demand\u00e9. Lorsque nous stockons des donn\u00e9es, nous les prot\u00e9geons par des moyens commercialement acceptables pour emp\u00eacher la perte et le vol, ainsi que l&#039;acc\u00e8s, la divulgation, la copie, l&#039;utilisation ou la modification non autoris\u00e9s.<\/span><\/p>\n<p><span style=\"color: #444444;\">Nous ne partageons pas d&#039;informations personnelles identifiables publiquement ou avec des tiers, sauf lorsque la loi l&#039;exige.<\/span><\/p>\n<p><span style=\"color: #444444;\">Notre site Web peut contenir des liens vers des sites Web externes qui ne sont pas exploit\u00e9s par nous. Veuillez noter que nous n&#039;avons aucun contr\u00f4le sur le contenu et les pratiques de ces sites et ne pouvons accepter la responsabilit\u00e9 de leurs\u00a0<\/span><a style=\"background-color: transparent; color: #444444;\" href=\"https:\/\/politicaprivacidade.com\/\" target=\"_blank\" rel=\"noopener noreferrer\">politiques de confidentialit\u00e9<\/a><span style=\"color: #444444;\">.<\/span><\/p>\n<p><span style=\"color: #444444;\">Vous \u00eates libre de refuser notre demande concernant vos informations personnelles, \u00e9tant entendu que nous pourrions ne pas \u00eatre en mesure de vous fournir certains des services souhait\u00e9s.<\/span><\/p>\n<p><span style=\"color: #444444;\">Votre utilisation continue de notre site Web sera consid\u00e9r\u00e9e comme une acceptation de nos pratiques en mati\u00e8re de confidentialit\u00e9 et d\u2019informations personnelles. Si vous avez des questions sur la mani\u00e8re dont nous traitons les donn\u00e9es utilisateur et les informations personnelles, veuillez nous contacter.<\/span><\/p>\n<p>\u00a0<\/p>\n<h3><span style=\"color: #444444;\">Engagement de l&#039;utilisateur<\/span><\/h3>\n<p><span style=\"color: #444444;\">L&#039;utilisateur s&#039;engage \u00e0 faire un usage appropri\u00e9 du contenu et des informations qu&#039;Arte Reciclada propose sur le site Internet et \u00e0 caract\u00e8re \u00e9nonciatif mais non limitatif :<\/span><\/p>\n<ul>\n<li><span style=\"color: #444444;\">A) Ne pas se livrer \u00e0 des activit\u00e9s ill\u00e9gales ou contraires \u00e0 la bonne foi et \u00e0 l&#039;ordre public\u00a0;<\/span><\/li>\n<li><span style=\"color: #444444;\">B) Ne pas diffuser de propagande ou de contenu \u00e0 caract\u00e8re raciste, x\u00e9nophobe, <\/span><span style=\"color: #212529;\"><a style=\"color: inherit !important; text-decoration: none !important; font-size: inherit !important;\" href=\"https:\/\/betnacionalbrasil.br.com\" target=\"_blank\" rel=\"noopener\">Pari national<\/a><\/span><span style=\"color: #444444;\"> ou par malchance, tout type de pornographie ill\u00e9gale, en soutien au terrorisme ou contre les droits de l&#039;homme\u00a0;<\/span><\/li>\n<li><span style=\"color: #444444;\">C) Ne pas causer de dommages aux syst\u00e8mes physiques (mat\u00e9riel) et logiques (logiciels) d&#039;Arte Reciclada, de ses fournisseurs ou de tiers, pour introduire ou diffuser des virus informatiques ou tout autre syst\u00e8me mat\u00e9riel ou logiciel capable de causer les dommages susmentionn\u00e9s.<\/span><\/li>\n<\/ul>\n<h3><span style=\"color: #444444;\">Plus d&#039;informations<\/span><\/h3>\n<p><span style=\"color: #444444;\">J&#039;esp\u00e8re que c&#039;est clair, et comme mentionn\u00e9 pr\u00e9c\u00e9demment, s&#039;il y a quelque chose dont vous n&#039;\u00eates pas s\u00fbr d&#039;avoir besoin ou non, il est g\u00e9n\u00e9ralement plus s\u00fbr de laisser les cookies activ\u00e9s au cas o\u00f9 ils interagiraient avec l&#039;une des fonctionnalit\u00e9s que vous utilisez sur notre site.<\/span><\/p>\n<p><span style=\"color: #444444;\">Cette politique est en vigueur \u00e0 compter du 16 d\u00e9cembre 2023 12:21<\/span><\/p>","protected":false},"excerpt":{"rendered":"","protected":false},"author":2,"featured_media":2338,"parent":0,"menu_order":0,"comment_status":"closed","ping_status":"closed","template":"","meta":{"footnotes":""},"class_list":["post-2052","page","type-page","status-publish","has-post-thumbnail","hentry"],"blocksy_meta":[],"_links":{"self":[{"href":"https:\/\/artereciclada.com.br\/fr\/wp-json\/wp\/v2\/pages\/2052","targetHints":{"allow":["GET"]}}],"collection":[{"href":"https:\/\/artereciclada.com.br\/fr\/wp-json\/wp\/v2\/pages"}],"about":[{"href":"https:\/\/artereciclada.com.br\/fr\/wp-json\/wp\/v2\/types\/page"}],"author":[{"embeddable":true,"href":"https:\/\/artereciclada.com.br\/fr\/wp-json\/wp\/v2\/users\/2"}],"replies":[{"embeddable":true,"href":"https:\/\/artereciclada.com.br\/fr\/wp-json\/wp\/v2\/comments?post=2052"}],"version-history":[{"count":2,"href":"https:\/\/artereciclada.com.br\/fr\/wp-json\/wp\/v2\/pages\/2052\/revisions"}],"predecessor-version":[{"id":2347,"href":"https:\/\/artereciclada.com.br\/fr\/wp-json\/wp\/v2\/pages\/2052\/revisions\/2347"}],"wp:featuredmedia":[{"embeddable":true,"href":"https:\/\/artereciclada.com.br\/fr\/wp-json\/wp\/v2\/media\/2338"}],"wp:attachment":[{"href":"https:\/\/artereciclada.com.br\/fr\/wp-json\/wp\/v2\/media?parent=2052"}],"curies":[{"name":"wp","href":"https:\/\/api.w.org\/{rel}","templated":true}]}}