{"id":1912,"date":"2024-08-09T16:06:15","date_gmt":"2024-08-09T19:06:15","guid":{"rendered":"http:\/\/artereciclada.com.br\/?page_id=1912"},"modified":"2024-08-09T16:06:16","modified_gmt":"2024-08-09T19:06:16","slug":"sobre-nos","status":"publish","type":"page","link":"https:\/\/artereciclada.com.br\/sv\/sobre-nos\/","title":{"rendered":"Om oss"},"content":{"rendered":"<p><strong>V\u00e4lkommen till Recycled Art!<\/strong><\/p>\n<p>Nod <strong>\u00c5tervunnen konst<\/strong>, tror vi att konst har kraften att f\u00f6r\u00e4ndra v\u00e4rlden och att h\u00e5llbarhet \u00e4r v\u00e4gen till en gr\u00f6nare framtid. V\u00e5r blogg f\u00f6ddes ur passionen f\u00f6r att kombinera kreativitet och milj\u00f6medvetenhet, vilket visar att det \u00e4r m\u00f6jligt att skapa sk\u00f6nhet fr\u00e5n det som annars skulle kasseras.<\/p>\n<h3>V\u00e5rt uppdrag<\/h3>\n<p>V\u00e5rt uppdrag \u00e4r att inspirera och ge m\u00e4nniskor m\u00f6jlighet att se den dolda potentialen i \u00e5tervinningsbara material och f\u00f6rvandla dem till unika konstverk och dekorationer. Vi vill fr\u00e4mja \u00e5tervinning som en v\u00e4sentlig praxis i vardagen, bidra till att minska avfallet och bevara milj\u00f6n.<\/p>\n<h3>Vad vi g\u00f6r<\/h3>\n<p>Nod <strong>\u00c5tervunnen konst<\/strong>, delar vi sj\u00e4lvstudier, kreativa id\u00e9er och projekt som visar hur man \u00e5teranv\u00e4nder och \u00e5teruppfinner material p\u00e5 ett konstn\u00e4rligt s\u00e4tt. V\u00e5rt team best\u00e5r av m\u00e4nniskor som brinner f\u00f6r konst och h\u00e5llbarhet, som alltid letar efter nya s\u00e4tt att ge liv \u00e5t det som tidigare kasserats.<\/p>\n<h3>V\u00e5r vision<\/h3>\n<p>Vi tror att vi tillsammans kan skapa en v\u00e4rld d\u00e4r konst och h\u00e5llbarhet g\u00e5r hand i hand. Vi vill vara en referens f\u00f6r alla som vill g\u00f6ra skillnad genom kreativ \u00e5tervinning, och hj\u00e4lpa till att sprida budskapet att sm\u00e5 handlingar kan ha stora effekter.<\/p>\n<h3>G\u00e5 med oss<\/h3>\n<p>Vi inbjuder dig att utforska v\u00e5rt inneh\u00e5ll, l\u00e4ra dig nya tekniker och bli inspirerad att skapa dina egna \u00e5tervunna konstverk. Om du tror att skr\u00e4p kan f\u00f6rvandlas till skatter, \u00e4r du p\u00e5 r\u00e4tt plats!<\/p>\n<p><strong>L\u00e5t oss tillsammans g\u00f6ra v\u00e4rlden till en mer h\u00e5llbar och kreativ plats.<\/strong><\/p>","protected":false},"excerpt":{"rendered":"","protected":false},"author":2,"featured_media":2351,"parent":0,"menu_order":0,"comment_status":"closed","ping_status":"closed","template":"","meta":{"footnotes":""},"class_list":["post-1912","page","type-page","status-publish","has-post-thumbnail","hentry"],"blocksy_meta":[],"_links":{"self":[{"href":"https:\/\/artereciclada.com.br\/sv\/wp-json\/wp\/v2\/pages\/1912","targetHints":{"allow":["GET"]}}],"collection":[{"href":"https:\/\/artereciclada.com.br\/sv\/wp-json\/wp\/v2\/pages"}],"about":[{"href":"https:\/\/artereciclada.com.br\/sv\/wp-json\/wp\/v2\/types\/page"}],"author":[{"embeddable":true,"href":"https:\/\/artereciclada.com.br\/sv\/wp-json\/wp\/v2\/users\/2"}],"replies":[{"embeddable":true,"href":"https:\/\/artereciclada.com.br\/sv\/wp-json\/wp\/v2\/comments?post=1912"}],"version-history":[{"count":5,"href":"https:\/\/artereciclada.com.br\/sv\/wp-json\/wp\/v2\/pages\/1912\/revisions"}],"predecessor-version":[{"id":2361,"href":"https:\/\/artereciclada.com.br\/sv\/wp-json\/wp\/v2\/pages\/1912\/revisions\/2361"}],"wp:featuredmedia":[{"embeddable":true,"href":"https:\/\/artereciclada.com.br\/sv\/wp-json\/wp\/v2\/media\/2351"}],"wp:attachment":[{"href":"https:\/\/artereciclada.com.br\/sv\/wp-json\/wp\/v2\/media?parent=1912"}],"curies":[{"name":"wp","href":"https:\/\/api.w.org\/{rel}","templated":true}]}}