{"id":2052,"date":"2023-12-16T09:44:51","date_gmt":"2023-12-16T12:44:51","guid":{"rendered":"http:\/\/artereciclada.com.br\/?page_id=2052"},"modified":"2024-08-09T15:47:10","modified_gmt":"2024-08-09T18:47:10","slug":"politica-de-privacidade-e-termos-de-uso","status":"publish","type":"page","link":"https:\/\/artereciclada.com.br\/sv\/politica-de-privacidade-e-termos-de-uso\/","title":{"rendered":"Sekretesspolicy"},"content":{"rendered":"<h2><span style=\"color: #444444;\">Sekretesspolicy<\/span><\/h2>\n<p><span style=\"color: #444444;\">Din integritet \u00e4r viktig f\u00f6r oss. Det \u00e4r Arte Reciclados policy att respektera din integritet i f\u00f6rh\u00e5llande till all information vi kan samla in p\u00e5 webbplatsen. <a href=\"http:\/\/artereciclada.com.br\/sv\/\">\u00c5tervunnen konst<\/a>, och andra webbplatser som vi \u00e4ger och driver.<\/span><\/p>\n<p><span style=\"color: #444444;\">Vi beg\u00e4r endast personlig information n\u00e4r vi verkligen beh\u00f6ver den f\u00f6r att kunna ge dig en tj\u00e4nst. Vi g\u00f6r det p\u00e5 r\u00e4ttvisa och lagliga s\u00e4tt, med din kunskap och ditt samtycke. Vi ber\u00e4ttar ocks\u00e5 varf\u00f6r vi samlar in det och hur det kommer att anv\u00e4ndas.<\/span><\/p>\n<p><span style=\"color: #444444;\">Vi beh\u00e5ller endast insamlad information s\u00e5 l\u00e4nge det \u00e4r n\u00f6dv\u00e4ndigt f\u00f6r att tillhandah\u00e5lla den beg\u00e4rda tj\u00e4nsten. N\u00e4r vi lagrar data skyddar vi dem p\u00e5 kommersiellt godtagbara s\u00e4tt f\u00f6r att f\u00f6rhindra f\u00f6rlust och st\u00f6ld, s\u00e5v\u00e4l som obeh\u00f6rig \u00e5tkomst, avsl\u00f6jande, kopiering, anv\u00e4ndning eller modifiering.<\/span><\/p>\n<p><span style=\"color: #444444;\">Vi delar inte personligt identifierbar information offentligt eller med tredje part f\u00f6rutom n\u00e4r det kr\u00e4vs enligt lag.<\/span><\/p>\n<p><span style=\"color: #444444;\">V\u00e5r webbplats kan ha l\u00e4nkar till externa webbplatser som inte drivs av oss. Var medveten om att vi inte har n\u00e5gon kontroll \u00f6ver inneh\u00e5llet och praxis p\u00e5 dessa webbplatser och kan inte ta ansvar f\u00f6r deras respektive\u00a0<\/span><a style=\"background-color: transparent; color: #444444;\" href=\"https:\/\/politicaprivacidade.com\/\" target=\"_blank\" rel=\"noopener noreferrer\">sekretesspolicyer<\/a><span style=\"color: #444444;\">.<\/span><\/p>\n<p><span style=\"color: #444444;\">Du \u00e4r fri att avsl\u00e5 v\u00e5r beg\u00e4ran om din personliga information, med f\u00f6ruts\u00e4ttningen att vi kanske inte kan ge dig n\u00e5gra av dina \u00f6nskade tj\u00e4nster.<\/span><\/p>\n<p><span style=\"color: #444444;\">Din fortsatta anv\u00e4ndning av v\u00e5r webbplats kommer att anses acceptera v\u00e5r praxis kring integritet och personlig information. Om du har n\u00e5gra fr\u00e5gor om hur vi hanterar anv\u00e4ndardata och personlig information, v\u00e4nligen kontakta oss.<\/span><\/p>\n<p>\u00a0<\/p>\n<h3><span style=\"color: #444444;\">Anv\u00e4ndarens engagemang<\/span><\/h3>\n<p><span style=\"color: #444444;\">Anv\u00e4ndaren f\u00f6rbinder sig att p\u00e5 l\u00e4mpligt s\u00e4tt anv\u00e4nda inneh\u00e5llet och informationen som Arte Reciclada erbjuder p\u00e5 webbplatsen och med en uttalande men inte begr\u00e4nsande karakt\u00e4r:<\/span><\/p>\n<ul>\n<li><span style=\"color: #444444;\">A) Inte delta i aktiviteter som \u00e4r olagliga eller strider mot god tro och allm\u00e4n ordning;<\/span><\/li>\n<li><span style=\"color: #444444;\">B) Sprid inte propaganda eller inneh\u00e5ll av en rasist, fr\u00e4mlingsfientlig, <\/span><span style=\"color: #212529;\"><a style=\"color: inherit !important; text-decoration: none !important; font-size: inherit !important;\" href=\"https:\/\/betnacionalbrasil.br.com\" target=\"_blank\" rel=\"noopener\">Nationell satsning<\/a><\/span><span style=\"color: #444444;\"> eller otur, n\u00e5gon typ av olaglig pornografi, till st\u00f6d f\u00f6r terrorism eller mot m\u00e4nskliga r\u00e4ttigheter;<\/span><\/li>\n<li><span style=\"color: #444444;\">C) F\u00f6rorsak inte skada p\u00e5 Arte Recicladas fysiska (h\u00e5rdvara) och logiska (mjukvara) system, dess leverant\u00f6rer eller tredje parter, f\u00f6r att introducera eller sprida datavirus eller n\u00e5gon annan h\u00e5rdvara eller mjukvara som kan orsaka ovann\u00e4mnda skador.<\/span><\/li>\n<\/ul>\n<h3><span style=\"color: #444444;\">Mer information<\/span><\/h3>\n<p><span style=\"color: #444444;\">F\u00f6rhoppningsvis \u00e4r det tydligt, och som tidigare n\u00e4mnts, om det \u00e4r n\u00e5got du inte \u00e4r s\u00e4ker p\u00e5 om du beh\u00f6ver eller inte, \u00e4r det vanligtvis s\u00e4krare att l\u00e4mna cookies aktiverade om det interagerar med n\u00e5gon av funktionerna du anv\u00e4nder p\u00e5 v\u00e5r webbplats.<\/span><\/p>\n<p><span style=\"color: #444444;\">Denna policy g\u00e4ller fr\u00e5n 16 december 2023 kl. 12:21<\/span><\/p>","protected":false},"excerpt":{"rendered":"","protected":false},"author":2,"featured_media":2338,"parent":0,"menu_order":0,"comment_status":"closed","ping_status":"closed","template":"","meta":{"footnotes":""},"class_list":["post-2052","page","type-page","status-publish","has-post-thumbnail","hentry"],"blocksy_meta":[],"_links":{"self":[{"href":"https:\/\/artereciclada.com.br\/sv\/wp-json\/wp\/v2\/pages\/2052","targetHints":{"allow":["GET"]}}],"collection":[{"href":"https:\/\/artereciclada.com.br\/sv\/wp-json\/wp\/v2\/pages"}],"about":[{"href":"https:\/\/artereciclada.com.br\/sv\/wp-json\/wp\/v2\/types\/page"}],"author":[{"embeddable":true,"href":"https:\/\/artereciclada.com.br\/sv\/wp-json\/wp\/v2\/users\/2"}],"replies":[{"embeddable":true,"href":"https:\/\/artereciclada.com.br\/sv\/wp-json\/wp\/v2\/comments?post=2052"}],"version-history":[{"count":2,"href":"https:\/\/artereciclada.com.br\/sv\/wp-json\/wp\/v2\/pages\/2052\/revisions"}],"predecessor-version":[{"id":2347,"href":"https:\/\/artereciclada.com.br\/sv\/wp-json\/wp\/v2\/pages\/2052\/revisions\/2347"}],"wp:featuredmedia":[{"embeddable":true,"href":"https:\/\/artereciclada.com.br\/sv\/wp-json\/wp\/v2\/media\/2338"}],"wp:attachment":[{"href":"https:\/\/artereciclada.com.br\/sv\/wp-json\/wp\/v2\/media?parent=2052"}],"curies":[{"name":"wp","href":"https:\/\/api.w.org\/{rel}","templated":true}]}}